{"id":462,"date":"2026-01-05T10:47:34","date_gmt":"2026-01-05T09:47:34","guid":{"rendered":"https:\/\/shoplytics.de\/wissen\/?page_id=462"},"modified":"2026-01-05T12:57:22","modified_gmt":"2026-01-05T11:57:22","slug":"bewerbung-v0","status":"publish","type":"page","link":"https:\/\/shoplytics.de\/wissen\/bewerbung-v0\/","title":{"rendered":"Bewerbung V0"},"content":{"rendered":"<h1 style=\"text-align: center;\">Starte als Kontakter\/in (Setter\/in)<\/h1>\n<h4 data-end=\"268\" data-start=\"235\">Du telefonierst gerne oder m\u00f6chtest genau das lernen?Dann bist du bei uns genau richtig.<\/h4>\n<p data-end=\"690\" data-start=\"376\">Wir suchen <strong data-end=\"417\" data-start=\"387\">engagierte Kontakter\/innen<\/strong>, die Lust haben, aktiv zu arbeiten, dranzubleiben und zu verstehen, dass Erfolg im <strong data-end=\"517\" data-start=\"501\">B2B-Vertrieb<\/strong> vorwiegend durch <strong data-end=\"559\" data-start=\"534\">konsequente Aktivit\u00e4t<\/strong> entsteht.Wenn du dir vorstellen kannst, <strong data-end=\"637\" data-start=\"603\">ca. 300 W\u00e4hlversuche pro Woche<\/strong> zu leisten, bringst du eine optimale Grundlage mit.<\/p>\n<p data-end=\"888\" data-start=\"692\"><img decoding=\"async\" role=\"img\" alt=\"\ud83d\udc49\" src=\"https:\/\/s.w.org\/images\/core\/emoji\/17.0.2\/svg\/1f449.svg\"><strong data-end=\"752\" data-start=\"695\">Quereinsteiger sind bei uns herzlich willkommen.<\/strong>Du musst kein Sales-Profi sein \u2013 wichtig sind Offenheit, Zuverl\u00e4ssigkeit und Freude am Telefonieren. Alles Weitere lernst du bei uns.<\/p>\n<h4 data-end=\"924\" data-start=\"890\">Ehrlich &amp; fair \u2013 von Anfang an<\/h4>\n<p data-end=\"1177\" data-start=\"925\">Wenn du lediglich einen Job \u201ef\u00fcr zwischendurch\u201c suchst, werden wir vermutlich nicht gut zusammenpassen.Und das sagen wir ganz bewusst offen \u2013 denn wir setzen auf <strong data-end=\"1147\" data-start=\"1090\">Ehrlichkeit, Klarheit und langfristige Zusammenarbeit<\/strong>, nicht auf leere Versprechen.<\/p>\n<h4 data-end=\"1247\" data-start=\"1184\">Unser Bewerbungsprozess \u2013 einfach, transparent &amp; zeitsparend<\/h4>\n<p data-end=\"1469\" data-start=\"1249\">Bevor wir pers\u00f6nlich miteinander sprechen, haben wir einen <strong data-end=\"1349\" data-start=\"1308\">klar strukturierten Bewerbungsprozess<\/strong> aufgebaut.Der gro\u00dfe Vorteil f\u00fcr dich:<img decoding=\"async\" role=\"img\" alt=\"\ud83d\udc49\" src=\"https:\/\/s.w.org\/images\/core\/emoji\/17.0.2\/svg\/1f449.svg\"><strong data-end=\"1469\" data-start=\"1396\">du bekommst alle wichtigen Informationen vorab \u2013 ganz ohne Zeit- und Termindruck.<\/strong><strong data-end=\"1469\" data-start=\"1396\">\u200b<\/strong><\/p>\n<h4 data-end=\"1515\" data-start=\"1471\">Schritt 1: Dein erstes Vorstellungsvideo<\/h4>\n<p data-end=\"1550\" data-start=\"1516\">In einem kurzen Video erf\u00e4hrst du:<\/p>\n<p data-end=\"1569\" data-start=\"1553\"><img decoding=\"async\" role=\"img\" alt=\"\u2714\" src=\"https:\/\/s.w.org\/images\/core\/emoji\/17.0.2\/svg\/2714.svg\">Wer wir sind<\/p>\n<p data-end=\"1592\" data-start=\"1572\"><img decoding=\"async\" role=\"img\" alt=\"\u2714\" src=\"https:\/\/s.w.org\/images\/core\/emoji\/17.0.2\/svg\/2714.svg\">&nbsp;Wie wir arbeiten<\/p>\n<p data-end=\"1621\" data-start=\"1595\"><img decoding=\"async\" role=\"img\" alt=\"\u2714\" src=\"https:\/\/s.w.org\/images\/core\/emoji\/17.0.2\/svg\/2714.svg\">Wer unsere Kunden sind<\/p>\n<p data-end=\"1662\" data-start=\"1624\"><img decoding=\"async\" role=\"img\" alt=\"\u2714\" src=\"https:\/\/s.w.org\/images\/core\/emoji\/17.0.2\/svg\/2714.svg\">\u2063Was dich bei uns wirklich erwartet<\/p>\n<p data-end=\"1709\" data-start=\"1665\"><img decoding=\"async\" role=\"img\" alt=\"\u2714\" src=\"https:\/\/s.w.org\/images\/core\/emoji\/17.0.2\/svg\/2714.svg\">Was wir von dir erwarten \u2013 und was nicht<\/p>\n<h4 data-end=\"1748\" data-start=\"1716\">Das Wichtigste vorab f\u00fcr dich<\/h4>\n<p 1825\"=\"\" data-start=\"1749\" \"=\"\"><img decoding=\"async\" role=\"img\" alt=\"\u2705\" src=\"https:\/\/s.w.org\/images\/core\/emoji\/17.0.2\/svg\/2705.svg\"><strong data-end=\"1769\" data-start=\"1753\">Kein Verkauf<\/strong> \u2013 du l\u00e4dst zu einer <strong data-end=\"1819\" data-start=\"1790\">kostenfreien Shop-Analyse<\/strong> ein<\/p>\n<p 1904\"=\"\" data-start=\"1826\" \"=\"\"><img decoding=\"async\" role=\"img\" alt=\"\u2705\" src=\"https:\/\/s.w.org\/images\/core\/emoji\/17.0.2\/svg\/2705.svg\"><strong data-end=\"1861\" data-start=\"1830\">Sehr attraktive Provisionen<\/strong>, monatliche Auszahlung (Softwarebereich)<\/p>\n<p 1953\"=\"\" data-start=\"1905\" \"=\"\"><img decoding=\"async\" role=\"img\" alt=\"\u2705\" src=\"https:\/\/s.w.org\/images\/core\/emoji\/17.0.2\/svg\/2705.svg\"><strong data-end=\"1937\" data-start=\"1909\">Freiberufliche T\u00e4tigkeit<\/strong>, 100 % remote<\/p>\n<p 1999\"=\"\" data-start=\"1954\" \"=\"\"><img decoding=\"async\" role=\"img\" alt=\"\u2705\" src=\"https:\/\/s.w.org\/images\/core\/emoji\/17.0.2\/svg\/2705.svg\"><strong data-end=\"1976\" data-start=\"1958\">Klare Prozesse<\/strong>, echtes Sales-Umfeld<\/p>\n<p \"=\"\" 2056\"=\"\" data-start=\"2000\"><img decoding=\"async\" role=\"img\" alt=\"\u2705\" src=\"https:\/\/s.w.org\/images\/core\/emoji\/17.0.2\/svg\/2705.svg\"><strong data-end=\"2034\" data-start=\"2004\">Unterst\u00fctzung &amp; Begleitung<\/strong>, auch in Live-Calls<\/p>\n<p data-end=\"2157\" data-start=\"2058\"><img decoding=\"async\" role=\"img\" alt=\"\ud83d\udc49\" src=\"https:\/\/s.w.org\/images\/core\/emoji\/17.0.2\/svg\/1f449.svg\"><strong data-end=\"2098\" data-start=\"2061\">Hier geht\u2019s zu deinem Startvideo:<\/strong><a data-end=\"2157\" data-start=\"2101\" href=\"https:\/\/shoplytics.de\/wissen\/bewerbung-als-setter-video1\" rel=\"noopener\" target=\"_new\" style=\"outline: none;\" data-lt-tmp-id=\"lt-619622\" spellcheck=\"false\">https:\/\/shoplytics.de\/wissen\/bewerbung-als-setter-video1<\/a><\/p>\n<h4 data-end=\"2232\" data-start=\"2164\">Danach folgt Schritt 2: Dein flexibles Vorstellungsgespr\u00e4ch.<\/h4>\n<p data-end=\"2368\" data-start=\"2233\">Nach dem ersten Video entscheidest <strong data-end=\"2287\" data-start=\"2268\">du ganz in Ruhe<\/strong>, ob das f\u00fcr dich passen k\u00f6nnte.Wenn ja und du die Checkbox komplett ausf\u00fcllst, erh\u00e4ltst du Zugriff auf das <strong data-end=\"2367\" data-start=\"2351\">zweite Video<\/strong>.Dieses Video ist im Grunde unser <strong data-end=\"2440\" data-start=\"2403\">Vorstellungsgespr\u00e4ch in Videoform<\/strong> und dauert ca. <strong data-end=\"2470\" data-start=\"2456\">90 Minuten<\/strong> \u2013 so ausf\u00fchrlich und ehrlich wie ein echtes Gespr\u00e4ch.Wir beantworten in diesem Video&nbsp;<strong data-end=\"2563\" data-start=\"2548\">alle Fragen<\/strong>, die uns in den vergangenen <strong data-end=\"2602\" data-start=\"2588\">24 Monaten<\/strong> immer wieder gestellt wurden \u2013&nbsp;<strong>d<\/strong><strong data-end=\"2681\" data-start=\"2636\">irekt, transparent und ohne Sch\u00f6nrederei<\/strong>.<\/p>\n<h3 data-end=\"2708\" data-start=\"2684\">Dein gro\u00dfer Vorteil:<\/h3>\n<p 2811\"=\"\" data-start=\"2709\" \"=\"\"><img decoding=\"async\" role=\"img\" alt=\"\ud83d\udd52\" src=\"https:\/\/s.w.org\/images\/core\/emoji\/17.0.2\/svg\/1f552.svg\"> Du schaust das Video, <strong data-end=\"2767\" data-start=\"2735\">wann immer es f\u00fcr dich passt<\/strong>(morgens, abends, nachts \u2013 ganz egal)<\/p>\n<p 2852\"=\"\" data-start=\"2812\" \"=\"\"><img decoding=\"async\" role=\"img\" alt=\"\ud83d\udd01\" src=\"https:\/\/s.w.org\/images\/core\/emoji\/17.0.2\/svg\/1f501.svg\"> Du kannst es <strong data-end=\"2850\" data-start=\"2830\">mehrmals ansehen und alle deine Fragen werden beantwortet.<\/strong><\/p>\n<p 2911\"=\"\" data-start=\"2853\" \"=\"\"><img decoding=\"async\" role=\"img\" alt=\"\ud83d\udc65\" src=\"https:\/\/s.w.org\/images\/core\/emoji\/17.0.2\/svg\/1f465.svg\"> Gerne auch gemeinsam mit <strong data-end=\"2911\" data-start=\"2883\">Partner\/in oder Freunden<\/strong><\/p>\n<p data-end=\"3055\" data-start=\"2918\">Wenn du nach den Videos sagst:<img decoding=\"async\" role=\"img\" alt=\"\ud83d\udc49\" src=\"https:\/\/s.w.org\/images\/core\/emoji\/17.0.2\/svg\/1f449.svg\"><strong> <em data-end=\"2993\" data-start=\"2954\">\u201eJa, das klingt richtig gut f\u00fcr mich\u201c<\/em>,&nbsp;<\/strong>dann freuen wir uns sehr auf den n\u00e4chsten Schritt mit dir.<\/p>\n<p><span style=\"\"><img decoding=\"async\" alt=\"\" data-id=\"465\" width=\"200\" data-init-width=\"1200\" height=\"267\" data-init-height=\"1600\" title=\"WhatsApp Bild 2025-12-30 um 15.37.28_ffc78001\" loading=\"lazy\" src=\"https:\/\/shoplytics.de\/wissen\/wp-content\/uploads\/2026\/01\/WhatsApp-Bild-2025-12-30-um-15.37.28_ffc78001.jpg\" data-width=\"200\" data-height=\"267\" style=\"aspect-ratio: auto 1200 \/ 1600;\" mt-d=\"-15.452999999999975\" ml-d=\"0\"><\/span><\/p>\n<p>\u200b<strong data-end=\"3090\" data-start=\"3057\">Wir freuen uns echt auf dich.<\/strong><\/p>\n<p data-end=\"3151\" data-start=\"3092\">Beste Gr\u00fc\u00dfe<strong data-end=\"3114\" data-start=\"3106\">Gerd<\/strong>Gesch\u00e4ftsleitung Sales &amp; Marketing<\/p>\n<p data-end=\"3151\" data-start=\"3092\">PS du kannst nat\u00fcrlich den Link dieser Seite gerne an andere weitergeben, die eventuell auch solch einen Job suchen und als Kontakter\/in t\u00e4tig werden wollen.<\/p>\n<p>\u200b<\/p>\n","protected":false},"excerpt":{"rendered":"<p>Starte als Kontakter\/in (Setter\/in) Du telefonierst gerne oder m\u00f6chtest genau das lernen?Dann bist du bei uns genau richtig. Wir suchen engagierte Kontakter\/innen, die Lust haben, aktiv zu arbeiten, dranzubleiben und zu verstehen, dass Erfolg im B2B-Vertrieb vorwiegend durch konsequente Aktivit\u00e4t entsteht.Wenn du dir vorstellen kannst, ca. 300 W\u00e4hlversuche pro Woche zu leisten, bringst du eine&#8230;<\/p>\n","protected":false},"author":2,"featured_media":0,"parent":0,"menu_order":0,"comment_status":"closed","ping_status":"closed","template":"","meta":{"_kad_post_transparent":"","_kad_post_title":"","_kad_post_layout":"","_kad_post_sidebar_id":"","_kad_post_content_style":"","_kad_post_vertical_padding":"","_kad_post_feature":"","_kad_post_feature_position":"","_kad_post_header":false,"_kad_post_footer":false,"_kad_post_classname":"","footnotes":""},"class_list":["post-462","page","type-page","status-publish","hentry"],"_links":{"self":[{"href":"https:\/\/shoplytics.de\/wissen\/wp-json\/wp\/v2\/pages\/462","targetHints":{"allow":["GET"]}}],"collection":[{"href":"https:\/\/shoplytics.de\/wissen\/wp-json\/wp\/v2\/pages"}],"about":[{"href":"https:\/\/shoplytics.de\/wissen\/wp-json\/wp\/v2\/types\/page"}],"author":[{"embeddable":true,"href":"https:\/\/shoplytics.de\/wissen\/wp-json\/wp\/v2\/users\/2"}],"replies":[{"embeddable":true,"href":"https:\/\/shoplytics.de\/wissen\/wp-json\/wp\/v2\/comments?post=462"}],"version-history":[{"count":7,"href":"https:\/\/shoplytics.de\/wissen\/wp-json\/wp\/v2\/pages\/462\/revisions"}],"predecessor-version":[{"id":471,"href":"https:\/\/shoplytics.de\/wissen\/wp-json\/wp\/v2\/pages\/462\/revisions\/471"}],"wp:attachment":[{"href":"https:\/\/shoplytics.de\/wissen\/wp-json\/wp\/v2\/media?parent=462"}],"curies":[{"name":"wp","href":"https:\/\/api.w.org\/{rel}","templated":true}]}}